{"id":20,"date":"2024-08-27T17:33:34","date_gmt":"2024-08-27T17:33:34","guid":{"rendered":"https:\/\/artbypetrambrus.com\/?page_id=20"},"modified":"2025-10-24T09:11:59","modified_gmt":"2025-10-24T09:11:59","slug":"nyomatok","status":"publish","type":"page","link":"https:\/\/artbypetrambrus.com\/index.php\/nyomatok\/","title":{"rendered":"Nyomatok"},"content":{"rendered":"\t\t<div data-elementor-type=\"wp-page\" data-elementor-id=\"20\" class=\"elementor elementor-20\" data-elementor-post-type=\"page\">\n\t\t\t\t<div class=\"elementor-element elementor-element-11adfde e-con-full e-flex e-con e-parent\" data-id=\"11adfde\" data-element_type=\"container\">\n\t\t<div class=\"elementor-element elementor-element-f7bbcee e-con-full e-flex e-con e-child\" data-id=\"f7bbcee\" data-element_type=\"container\">\n\t\t\t\t<div class=\"elementor-element elementor-element-1d2683f elementor-invisible elementor-widget elementor-widget-image\" data-id=\"1d2683f\" data-element_type=\"widget\" data-settings=\"{&quot;_animation&quot;:&quot;fadeInLeft&quot;}\" data-widget_type=\"image.default\">\n\t\t\t\t<div class=\"elementor-widget-container\">\n\t\t\t\t\t\t\t\t\t\t\t\t\t\t\t<img fetchpriority=\"high\" decoding=\"async\" width=\"576\" height=\"1024\" src=\"https:\/\/artbypetrambrus.com\/wp-content\/uploads\/2025\/01\/PHOTO-2024-12-20-09-51-08-576x1024.jpg\" class=\"attachment-large size-large wp-image-277\" alt=\"\" srcset=\"https:\/\/artbypetrambrus.com\/wp-content\/uploads\/2025\/01\/PHOTO-2024-12-20-09-51-08-576x1024.jpg 576w, https:\/\/artbypetrambrus.com\/wp-content\/uploads\/2025\/01\/PHOTO-2024-12-20-09-51-08-600x1067.jpg 600w, https:\/\/artbypetrambrus.com\/wp-content\/uploads\/2025\/01\/PHOTO-2024-12-20-09-51-08-169x300.jpg 169w, https:\/\/artbypetrambrus.com\/wp-content\/uploads\/2025\/01\/PHOTO-2024-12-20-09-51-08-768x1365.jpg 768w, https:\/\/artbypetrambrus.com\/wp-content\/uploads\/2025\/01\/PHOTO-2024-12-20-09-51-08-864x1536.jpg 864w, https:\/\/artbypetrambrus.com\/wp-content\/uploads\/2025\/01\/PHOTO-2024-12-20-09-51-08.jpg 900w\" sizes=\"(max-width: 576px) 100vw, 576px\" \/>\t\t\t\t\t\t\t\t\t\t\t\t\t\t\t<\/div>\n\t\t\t\t<\/div>\n\t\t\t\t<\/div>\n\t\t<div class=\"elementor-element elementor-element-c5113c5 e-con-full e-flex e-con e-child\" data-id=\"c5113c5\" data-element_type=\"container\">\n\t\t\t\t<div class=\"elementor-element elementor-element-447fd33 elementor-invisible elementor-widget elementor-widget-image\" data-id=\"447fd33\" data-element_type=\"widget\" data-settings=\"{&quot;_animation&quot;:&quot;fadeInDown&quot;}\" data-widget_type=\"image.default\">\n\t\t\t\t<div class=\"elementor-widget-container\">\n\t\t\t\t\t\t\t\t\t\t\t\t\t\t\t<img decoding=\"async\" width=\"576\" height=\"1024\" src=\"https:\/\/artbypetrambrus.com\/wp-content\/uploads\/2025\/01\/PHOTO-2024-12-20-09-51-06-576x1024.jpg\" class=\"attachment-large size-large wp-image-275\" alt=\"\" srcset=\"https:\/\/artbypetrambrus.com\/wp-content\/uploads\/2025\/01\/PHOTO-2024-12-20-09-51-06-576x1024.jpg 576w, https:\/\/artbypetrambrus.com\/wp-content\/uploads\/2025\/01\/PHOTO-2024-12-20-09-51-06-600x1067.jpg 600w, https:\/\/artbypetrambrus.com\/wp-content\/uploads\/2025\/01\/PHOTO-2024-12-20-09-51-06-169x300.jpg 169w, https:\/\/artbypetrambrus.com\/wp-content\/uploads\/2025\/01\/PHOTO-2024-12-20-09-51-06-768x1365.jpg 768w, https:\/\/artbypetrambrus.com\/wp-content\/uploads\/2025\/01\/PHOTO-2024-12-20-09-51-06-864x1536.jpg 864w, https:\/\/artbypetrambrus.com\/wp-content\/uploads\/2025\/01\/PHOTO-2024-12-20-09-51-06.jpg 900w\" sizes=\"(max-width: 576px) 100vw, 576px\" \/>\t\t\t\t\t\t\t\t\t\t\t\t\t\t\t<\/div>\n\t\t\t\t<\/div>\n\t\t\t\t<\/div>\n\t\t<div class=\"elementor-element elementor-element-3791616 e-con-full e-flex e-con e-child\" data-id=\"3791616\" data-element_type=\"container\">\n\t\t\t\t<div class=\"elementor-element elementor-element-40a9c26 elementor-invisible elementor-widget elementor-widget-image\" data-id=\"40a9c26\" data-element_type=\"widget\" data-settings=\"{&quot;_animation&quot;:&quot;fadeInRight&quot;}\" data-widget_type=\"image.default\">\n\t\t\t\t<div class=\"elementor-widget-container\">\n\t\t\t\t\t\t\t\t\t\t\t\t\t\t\t<img decoding=\"async\" width=\"576\" height=\"1024\" src=\"https:\/\/artbypetrambrus.com\/wp-content\/uploads\/2025\/01\/PHOTO-2024-12-20-09-51-05-1-576x1024.jpg\" class=\"attachment-large size-large wp-image-273\" alt=\"\" srcset=\"https:\/\/artbypetrambrus.com\/wp-content\/uploads\/2025\/01\/PHOTO-2024-12-20-09-51-05-1-576x1024.jpg 576w, https:\/\/artbypetrambrus.com\/wp-content\/uploads\/2025\/01\/PHOTO-2024-12-20-09-51-05-1-600x1067.jpg 600w, https:\/\/artbypetrambrus.com\/wp-content\/uploads\/2025\/01\/PHOTO-2024-12-20-09-51-05-1-169x300.jpg 169w, https:\/\/artbypetrambrus.com\/wp-content\/uploads\/2025\/01\/PHOTO-2024-12-20-09-51-05-1-768x1365.jpg 768w, https:\/\/artbypetrambrus.com\/wp-content\/uploads\/2025\/01\/PHOTO-2024-12-20-09-51-05-1-864x1536.jpg 864w, https:\/\/artbypetrambrus.com\/wp-content\/uploads\/2025\/01\/PHOTO-2024-12-20-09-51-05-1.jpg 900w\" sizes=\"(max-width: 576px) 100vw, 576px\" \/>\t\t\t\t\t\t\t\t\t\t\t\t\t\t\t<\/div>\n\t\t\t\t<\/div>\n\t\t\t\t<\/div>\n\t\t\t\t<\/div>\n\t\t<div class=\"elementor-element elementor-element-fa52779 e-flex e-con-boxed e-con e-parent\" data-id=\"fa52779\" data-element_type=\"container\">\n\t\t\t\t\t<div class=\"e-con-inner\">\n\t\t\t\t<div class=\"elementor-element elementor-element-558096b elementor-invisible elementor-widget elementor-widget-text-editor\" data-id=\"558096b\" data-element_type=\"widget\" data-settings=\"{&quot;_animation&quot;:&quot;fadeInUp&quot;}\" data-widget_type=\"text-editor.default\">\n\t\t\t\t<div class=\"elementor-widget-container\">\n\t\t\t\t\t\t\t\t\t<p><strong>Mik is azok a fine art (gicl\u00e9e) nyomatok?<\/strong><\/p><p>A gicl\u00e9e nyomtat\u00e1s a m\u0171v\u00e9szi nyomtat\u00e1s \u00faj, korszer\u0171 m\u00f3dja, mely megfelel a m\u0171v\u00e9szek, a gy\u0171jt\u0151k \u00e9s a m\u00fazeumok legmagasabb elv\u00e1r\u00e1sainak. A gicl\u00e9e m\u0171v\u00e9szi nyomatok a ma el\u00e9rhet\u0151 legjobb min\u0151s\u00e9g\u0171 nyomtatott term\u00e9kek, egyben a legkorszer\u0171bb technik\u00e1val k\u00e9sz\u00fclnek. A nyomatok k\u00e9sz\u00edt\u00e9s\u00e9nek folyamata alkot\u00f3i egy\u00fcttm\u0171k\u00f6d\u00e9s a m\u0171v\u00e9sz \u00e9s a nyomtat\u00f3 mester k\u00f6z\u00f6tt, amelyben a m\u0171v\u00e9sz ellen\u0151rzi a folyamat minden r\u00e9szlet\u00e9t.<\/p><p>A nyomathoz nem j\u00e1r keret. A hagyom\u00e1nyos poszterekkel ellent\u00e9tben a legkiv\u00e1l\u00f3bb matt, savmentes, gal\u00e9ria min\u0151s\u00e9g\u0171 200-300 g-os pap\u00edrra nyomtatj\u00e1k. Minden k\u00e9p korl\u00e1tozott kiad\u00e1s\u00fa, minden nyomat sz\u00e1mozott \u00e9s al\u00e1\u00edrt. A kiv\u00e1l\u00f3 min\u0151s\u00e9g\u0171 pap\u00edr t\u00f6k\u00e9letes sz\u00ednvisszaad\u00e1st biztos\u00edt, az eredeti m\u0171 szerkezete pedig 3D hat\u00e1sk\u00e9nt jelenik meg. Keretez\u00e9st \u00e9s t\u00fckr\u00f6z\u0151d\u00e9smentes \u00fcveget aj\u00e1nlok, ut\u00f3bbi viszont elhagyhat\u00f3, an\u00e9lk\u00fcl is t\u00f6k\u00e9letes \u00f6sszk\u00e9pet lehet el\u00e9rni.<\/p>\t\t\t\t\t\t\t\t<\/div>\n\t\t\t\t<\/div>\n\t\t\t\t\t<\/div>\n\t\t\t\t<\/div>\n\t\t<div class=\"elementor-element elementor-element-cd58e0a e-con-full e-flex e-con e-parent\" data-id=\"cd58e0a\" data-element_type=\"container\">\n\t\t<div class=\"elementor-element elementor-element-5db7244 e-con-full e-flex elementor-invisible e-con e-child\" data-id=\"5db7244\" data-element_type=\"container\" data-settings=\"{&quot;animation&quot;:&quot;fadeInLeft&quot;}\">\n\t\t\t\t<div class=\"elementor-element elementor-element-9b2a0e1 elementor-widget elementor-widget-image\" data-id=\"9b2a0e1\" data-element_type=\"widget\" data-widget_type=\"image.default\">\n\t\t\t\t<div class=\"elementor-widget-container\">\n\t\t\t\t\t\t\t\t\t\t\t\t\t\t\t<img loading=\"lazy\" decoding=\"async\" width=\"576\" height=\"1024\" src=\"https:\/\/artbypetrambrus.com\/wp-content\/uploads\/2025\/01\/PHOTO-2024-12-20-09-51-04-576x1024.jpg\" class=\"attachment-large size-large wp-image-272\" alt=\"\" srcset=\"https:\/\/artbypetrambrus.com\/wp-content\/uploads\/2025\/01\/PHOTO-2024-12-20-09-51-04-576x1024.jpg 576w, https:\/\/artbypetrambrus.com\/wp-content\/uploads\/2025\/01\/PHOTO-2024-12-20-09-51-04-600x1067.jpg 600w, https:\/\/artbypetrambrus.com\/wp-content\/uploads\/2025\/01\/PHOTO-2024-12-20-09-51-04-169x300.jpg 169w, https:\/\/artbypetrambrus.com\/wp-content\/uploads\/2025\/01\/PHOTO-2024-12-20-09-51-04-768x1365.jpg 768w, https:\/\/artbypetrambrus.com\/wp-content\/uploads\/2025\/01\/PHOTO-2024-12-20-09-51-04-864x1536.jpg 864w, https:\/\/artbypetrambrus.com\/wp-content\/uploads\/2025\/01\/PHOTO-2024-12-20-09-51-04.jpg 900w\" sizes=\"(max-width: 576px) 100vw, 576px\" \/>\t\t\t\t\t\t\t\t\t\t\t\t\t\t\t<\/div>\n\t\t\t\t<\/div>\n\t\t\t\t<\/div>\n\t\t<div class=\"elementor-element elementor-element-c0be2c0 e-con-full e-flex elementor-invisible e-con e-child\" data-id=\"c0be2c0\" data-element_type=\"container\" data-settings=\"{&quot;animation&quot;:&quot;fadeInUp&quot;}\">\n\t\t\t\t<div class=\"elementor-element elementor-element-839115b elementor-widget elementor-widget-image\" data-id=\"839115b\" data-element_type=\"widget\" data-widget_type=\"image.default\">\n\t\t\t\t<div class=\"elementor-widget-container\">\n\t\t\t\t\t\t\t\t\t\t\t\t\t\t\t<img loading=\"lazy\" decoding=\"async\" width=\"762\" height=\"960\" src=\"https:\/\/artbypetrambrus.com\/wp-content\/uploads\/2025\/05\/Screen-Shot-2025-09-29-at-19.50.31.png\" class=\"attachment-large size-large wp-image-862\" alt=\"\" srcset=\"https:\/\/artbypetrambrus.com\/wp-content\/uploads\/2025\/05\/Screen-Shot-2025-09-29-at-19.50.31.png 762w, https:\/\/artbypetrambrus.com\/wp-content\/uploads\/2025\/05\/Screen-Shot-2025-09-29-at-19.50.31-238x300.png 238w, https:\/\/artbypetrambrus.com\/wp-content\/uploads\/2025\/05\/Screen-Shot-2025-09-29-at-19.50.31-600x756.png 600w\" sizes=\"(max-width: 762px) 100vw, 762px\" \/>\t\t\t\t\t\t\t\t\t\t\t\t\t\t\t<\/div>\n\t\t\t\t<\/div>\n\t\t\t\t<\/div>\n\t\t<div class=\"elementor-element elementor-element-c816471 e-con-full e-flex elementor-invisible e-con e-child\" data-id=\"c816471\" data-element_type=\"container\" data-settings=\"{&quot;animation&quot;:&quot;fadeInRight&quot;}\">\n\t\t\t\t<div class=\"elementor-element elementor-element-cf89ef0 elementor-widget elementor-widget-image\" data-id=\"cf89ef0\" data-element_type=\"widget\" data-widget_type=\"image.default\">\n\t\t\t\t<div class=\"elementor-widget-container\">\n\t\t\t\t\t\t\t\t\t\t\t\t\t\t\t<img loading=\"lazy\" decoding=\"async\" width=\"800\" height=\"640\" src=\"https:\/\/artbypetrambrus.com\/wp-content\/uploads\/2025\/01\/PHOTO-2024-12-20-09-51-04-2-1024x819.jpg\" class=\"attachment-large size-large wp-image-224\" alt=\"\" srcset=\"https:\/\/artbypetrambrus.com\/wp-content\/uploads\/2025\/01\/PHOTO-2024-12-20-09-51-04-2-1024x819.jpg 1024w, https:\/\/artbypetrambrus.com\/wp-content\/uploads\/2025\/01\/PHOTO-2024-12-20-09-51-04-2-600x480.jpg 600w, https:\/\/artbypetrambrus.com\/wp-content\/uploads\/2025\/01\/PHOTO-2024-12-20-09-51-04-2-300x240.jpg 300w, https:\/\/artbypetrambrus.com\/wp-content\/uploads\/2025\/01\/PHOTO-2024-12-20-09-51-04-2-768x614.jpg 768w, https:\/\/artbypetrambrus.com\/wp-content\/uploads\/2025\/01\/PHOTO-2024-12-20-09-51-04-2-1536x1229.jpg 1536w, https:\/\/artbypetrambrus.com\/wp-content\/uploads\/2025\/01\/PHOTO-2024-12-20-09-51-04-2.jpg 1600w\" sizes=\"(max-width: 800px) 100vw, 800px\" \/>\t\t\t\t\t\t\t\t\t\t\t\t\t\t\t<\/div>\n\t\t\t\t<\/div>\n\t\t\t\t<\/div>\n\t\t\t\t<\/div>\n\t\t\t\t<\/div>\n\t\t","protected":false},"excerpt":{"rendered":"<p>Mik is azok a fine art (gicl\u00e9e) nyomatok? A gicl\u00e9e nyomtat\u00e1s a m\u0171v\u00e9szi nyomtat\u00e1s \u00faj, korszer\u0171 m\u00f3dja, mely megfelel a m\u0171v\u00e9szek, a gy\u0171jt\u0151k \u00e9s a m\u00fazeumok legmagasabb elv\u00e1r\u00e1sainak. A gicl\u00e9e m\u0171v\u00e9szi nyomatok a ma el\u00e9rhet\u0151 legjobb min\u0151s\u00e9g\u0171 nyomtatott term\u00e9kek, egyben a legkorszer\u0171bb technik\u00e1val k\u00e9sz\u00fclnek. A nyomatok k\u00e9sz\u00edt\u00e9s\u00e9nek folyamata alkot\u00f3i egy\u00fcttm\u0171k\u00f6d\u00e9s a m\u0171v\u00e9sz \u00e9s a nyomtat\u00f3 [&hellip;]<\/p>\n","protected":false},"author":1,"featured_media":0,"parent":0,"menu_order":0,"comment_status":"closed","ping_status":"closed","template":"","meta":{"footnotes":""},"class_list":["post-20","page","type-page","status-publish","hentry"],"lang":"hu","translations":{"hu":20,"en":622},"pll_sync_post":[],"_links":{"self":[{"href":"https:\/\/artbypetrambrus.com\/index.php\/wp-json\/wp\/v2\/pages\/20","targetHints":{"allow":["GET"]}}],"collection":[{"href":"https:\/\/artbypetrambrus.com\/index.php\/wp-json\/wp\/v2\/pages"}],"about":[{"href":"https:\/\/artbypetrambrus.com\/index.php\/wp-json\/wp\/v2\/types\/page"}],"author":[{"embeddable":true,"href":"https:\/\/artbypetrambrus.com\/index.php\/wp-json\/wp\/v2\/users\/1"}],"replies":[{"embeddable":true,"href":"https:\/\/artbypetrambrus.com\/index.php\/wp-json\/wp\/v2\/comments?post=20"}],"version-history":[{"count":0,"href":"https:\/\/artbypetrambrus.com\/index.php\/wp-json\/wp\/v2\/pages\/20\/revisions"}],"wp:attachment":[{"href":"https:\/\/artbypetrambrus.com\/index.php\/wp-json\/wp\/v2\/media?parent=20"}],"curies":[{"name":"wp","href":"https:\/\/api.w.org\/{rel}","templated":true}]}}