{"id":22,"date":"2024-08-27T17:33:58","date_gmt":"2024-08-27T17:33:58","guid":{"rendered":"https:\/\/artbypetrambrus.com\/?page_id=22"},"modified":"2025-10-24T10:28:06","modified_gmt":"2025-10-24T10:28:06","slug":"rolam","status":"publish","type":"page","link":"https:\/\/artbypetrambrus.com\/index.php\/rolam\/","title":{"rendered":"R\u00f3lam"},"content":{"rendered":"\t\t<div data-elementor-type=\"wp-page\" data-elementor-id=\"22\" class=\"elementor elementor-22\" data-elementor-post-type=\"page\">\n\t\t\t\t<div class=\"elementor-element elementor-element-61294e2 e-flex e-con-boxed e-con e-parent\" data-id=\"61294e2\" data-element_type=\"container\">\n\t\t\t\t\t<div class=\"e-con-inner\">\n\t\t\t\t<div class=\"elementor-element elementor-element-39cb224 elementor-invisible elementor-widget elementor-widget-image\" data-id=\"39cb224\" data-element_type=\"widget\" data-settings=\"{&quot;_animation&quot;:&quot;zoomIn&quot;}\" data-widget_type=\"image.default\">\n\t\t\t\t<div class=\"elementor-widget-container\">\n\t\t\t\t\t\t\t\t\t\t\t\t\t\t\t<img fetchpriority=\"high\" decoding=\"async\" width=\"800\" height=\"71\" src=\"https:\/\/artbypetrambrus.com\/wp-content\/uploads\/2024\/12\/Untitled_Artwkork-copy-1024x91.png\" class=\"attachment-large size-large wp-image-94\" alt=\"\" srcset=\"https:\/\/artbypetrambrus.com\/wp-content\/uploads\/2024\/12\/Untitled_Artwkork-copy-1024x91.png 1024w, https:\/\/artbypetrambrus.com\/wp-content\/uploads\/2024\/12\/Untitled_Artwkork-copy-600x53.png 600w, https:\/\/artbypetrambrus.com\/wp-content\/uploads\/2024\/12\/Untitled_Artwkork-copy-300x27.png 300w, https:\/\/artbypetrambrus.com\/wp-content\/uploads\/2024\/12\/Untitled_Artwkork-copy-768x68.png 768w, https:\/\/artbypetrambrus.com\/wp-content\/uploads\/2024\/12\/Untitled_Artwkork-copy.png 1204w\" sizes=\"(max-width: 800px) 100vw, 800px\" \/>\t\t\t\t\t\t\t\t\t\t\t\t\t\t\t<\/div>\n\t\t\t\t<\/div>\n\t\t\t\t\t<\/div>\n\t\t\t\t<\/div>\n\t\t<div class=\"elementor-element elementor-element-54230865 e-con-full e-flex e-con e-parent\" data-id=\"54230865\" data-element_type=\"container\" data-settings=\"{&quot;motion_fx_motion_fx_scrolling&quot;:&quot;yes&quot;,&quot;motion_fx_scale_speed&quot;:{&quot;unit&quot;:&quot;px&quot;,&quot;size&quot;:-1,&quot;sizes&quot;:[]},&quot;motion_fx_scale_direction&quot;:&quot;in-out&quot;,&quot;motion_fx_scale_effect&quot;:&quot;yes&quot;,&quot;motion_fx_scale_range&quot;:{&quot;unit&quot;:&quot;%&quot;,&quot;size&quot;:&quot;&quot;,&quot;sizes&quot;:{&quot;start&quot;:20,&quot;end&quot;:80}},&quot;motion_fx_devices&quot;:[&quot;desktop&quot;,&quot;tablet&quot;,&quot;mobile&quot;]}\">\n\t\t<div class=\"elementor-element elementor-element-5804ae67 e-con-full e-flex e-con e-child\" data-id=\"5804ae67\" data-element_type=\"container\">\n\t\t\t\t<div class=\"elementor-element elementor-element-7f07365e animated-slow elementor-invisible elementor-widget elementor-widget-image\" data-id=\"7f07365e\" data-element_type=\"widget\" data-settings=\"{&quot;_animation&quot;:&quot;fadeInLeft&quot;}\" data-widget_type=\"image.default\">\n\t\t\t\t<div class=\"elementor-widget-container\">\n\t\t\t\t\t\t\t\t\t\t\t\t\t\t\t<img decoding=\"async\" width=\"609\" height=\"1024\" src=\"https:\/\/artbypetrambrus.com\/wp-content\/uploads\/2024\/12\/462587240_572293945512325_3269159817056803629_n-609x1024.jpg\" class=\"attachment-large size-large wp-image-168\" alt=\"\" srcset=\"https:\/\/artbypetrambrus.com\/wp-content\/uploads\/2024\/12\/462587240_572293945512325_3269159817056803629_n-609x1024.jpg 609w, https:\/\/artbypetrambrus.com\/wp-content\/uploads\/2024\/12\/462587240_572293945512325_3269159817056803629_n-600x1008.jpg 600w, https:\/\/artbypetrambrus.com\/wp-content\/uploads\/2024\/12\/462587240_572293945512325_3269159817056803629_n-179x300.jpg 179w, https:\/\/artbypetrambrus.com\/wp-content\/uploads\/2024\/12\/462587240_572293945512325_3269159817056803629_n-768x1291.jpg 768w, https:\/\/artbypetrambrus.com\/wp-content\/uploads\/2024\/12\/462587240_572293945512325_3269159817056803629_n-914x1536.jpg 914w, https:\/\/artbypetrambrus.com\/wp-content\/uploads\/2024\/12\/462587240_572293945512325_3269159817056803629_n.jpg 952w\" sizes=\"(max-width: 609px) 100vw, 609px\" \/>\t\t\t\t\t\t\t\t\t\t\t\t\t\t\t<\/div>\n\t\t\t\t<\/div>\n\t\t\t\t<\/div>\n\t\t<div class=\"elementor-element elementor-element-60086b20 e-con-full e-flex elementor-invisible e-con e-child\" data-id=\"60086b20\" data-element_type=\"container\" data-settings=\"{&quot;animation&quot;:&quot;fadeIn&quot;}\">\n\t\t\t\t<div class=\"elementor-element elementor-element-142f0dd8 animated-slow elementor-invisible elementor-widget elementor-widget-image\" data-id=\"142f0dd8\" data-element_type=\"widget\" data-settings=\"{&quot;_animation&quot;:&quot;fadeIn&quot;}\" data-widget_type=\"image.default\">\n\t\t\t\t<div class=\"elementor-widget-container\">\n\t\t\t\t\t\t\t\t\t\t\t\t\t\t\t<img decoding=\"async\" width=\"800\" height=\"986\" src=\"https:\/\/artbypetrambrus.com\/wp-content\/uploads\/2025\/10\/IMG_8171-831x1024.jpeg\" class=\"attachment-large size-large wp-image-969\" alt=\"\" srcset=\"https:\/\/artbypetrambrus.com\/wp-content\/uploads\/2025\/10\/IMG_8171-831x1024.jpeg 831w, https:\/\/artbypetrambrus.com\/wp-content\/uploads\/2025\/10\/IMG_8171-243x300.jpeg 243w, https:\/\/artbypetrambrus.com\/wp-content\/uploads\/2025\/10\/IMG_8171-768x947.jpeg 768w, https:\/\/artbypetrambrus.com\/wp-content\/uploads\/2025\/10\/IMG_8171-1246x1536.jpeg 1246w, https:\/\/artbypetrambrus.com\/wp-content\/uploads\/2025\/10\/IMG_8171-600x740.jpeg 600w, https:\/\/artbypetrambrus.com\/wp-content\/uploads\/2025\/10\/IMG_8171.jpeg 1290w\" sizes=\"(max-width: 800px) 100vw, 800px\" \/>\t\t\t\t\t\t\t\t\t\t\t\t\t\t\t<\/div>\n\t\t\t\t<\/div>\n\t\t\t\t<div class=\"elementor-element elementor-element-62696365 elementor-invisible elementor-widget elementor-widget-text-editor\" data-id=\"62696365\" data-element_type=\"widget\" data-settings=\"{&quot;_animation&quot;:&quot;zoomIn&quot;}\" data-widget_type=\"text-editor.default\">\n\t\t\t\t<div class=\"elementor-widget-container\">\n\t\t\t\t\t\t\t\t\t<p><strong>A hobby, ami m\u00e1ra \u00e9letc\u00e9l lett<\/strong><\/p><p>M\u00e1r eg\u00e9szen kisgyerek korom \u00f3ta im\u00e1dtam rajzolni, minden olyasmi elfoglalts\u00e1got, amihez k\u00e9z\u00fcgyess\u00e9g sz\u00fcks\u00e9ges, de valahogy a fest\u00e9s kimaradt ezek k\u00f6z\u00fcl.<\/p>\t\t\t\t\t\t\t\t<\/div>\n\t\t\t\t<\/div>\n\t\t\t\t<\/div>\n\t\t<div class=\"elementor-element elementor-element-18502020 e-con-full e-flex elementor-invisible e-con e-child\" data-id=\"18502020\" data-element_type=\"container\" data-settings=\"{&quot;animation&quot;:&quot;fadeInRight&quot;}\">\n\t\t\t\t<div class=\"elementor-element elementor-element-2c39f94d animated-slow elementor-invisible elementor-widget elementor-widget-image\" data-id=\"2c39f94d\" data-element_type=\"widget\" data-settings=\"{&quot;_animation&quot;:&quot;fadeIn&quot;}\" data-widget_type=\"image.default\">\n\t\t\t\t<div class=\"elementor-widget-container\">\n\t\t\t\t\t\t\t\t\t\t\t\t\t\t\t<img loading=\"lazy\" decoding=\"async\" width=\"567\" height=\"1024\" src=\"https:\/\/artbypetrambrus.com\/wp-content\/uploads\/2024\/12\/462558482_1344213956989441_76971191547054471_n-567x1024.jpg\" class=\"attachment-large size-large wp-image-166\" alt=\"\" srcset=\"https:\/\/artbypetrambrus.com\/wp-content\/uploads\/2024\/12\/462558482_1344213956989441_76971191547054471_n-567x1024.jpg 567w, https:\/\/artbypetrambrus.com\/wp-content\/uploads\/2024\/12\/462558482_1344213956989441_76971191547054471_n-600x1084.jpg 600w, https:\/\/artbypetrambrus.com\/wp-content\/uploads\/2024\/12\/462558482_1344213956989441_76971191547054471_n-166x300.jpg 166w, https:\/\/artbypetrambrus.com\/wp-content\/uploads\/2024\/12\/462558482_1344213956989441_76971191547054471_n-768x1387.jpg 768w, https:\/\/artbypetrambrus.com\/wp-content\/uploads\/2024\/12\/462558482_1344213956989441_76971191547054471_n-851x1536.jpg 851w, https:\/\/artbypetrambrus.com\/wp-content\/uploads\/2024\/12\/462558482_1344213956989441_76971191547054471_n.jpg 886w\" sizes=\"(max-width: 567px) 100vw, 567px\" \/>\t\t\t\t\t\t\t\t\t\t\t\t\t\t\t<\/div>\n\t\t\t\t<\/div>\n\t\t\t\t<\/div>\n\t\t\t\t<\/div>\n\t\t<div class=\"elementor-element elementor-element-e6131c5 e-flex e-con-boxed e-con e-parent\" data-id=\"e6131c5\" data-element_type=\"container\">\n\t\t\t\t\t<div class=\"e-con-inner\">\n\t\t<div class=\"elementor-element elementor-element-c096ef5 e-con-full e-flex e-con e-child\" data-id=\"c096ef5\" data-element_type=\"container\">\n\t\t\t\t<div class=\"elementor-element elementor-element-e25de7e elementor-invisible elementor-widget elementor-widget-text-editor\" data-id=\"e25de7e\" data-element_type=\"widget\" data-settings=\"{&quot;_animation&quot;:&quot;fadeInLeft&quot;}\" data-widget_type=\"text-editor.default\">\n\t\t\t\t<div class=\"elementor-widget-container\">\n\t\t\t\t\t\t\t\t\t<p>BEMUTATKOZ\u00e1S<\/p>\t\t\t\t\t\t\t\t<\/div>\n\t\t\t\t<\/div>\n\t\t\t\t<\/div>\n\t\t<div class=\"elementor-element elementor-element-776266a e-con-full e-flex e-con e-child\" data-id=\"776266a\" data-element_type=\"container\">\n\t\t\t\t<div class=\"elementor-element elementor-element-2d71e57 elementor-invisible elementor-widget elementor-widget-text-editor\" data-id=\"2d71e57\" data-element_type=\"widget\" data-settings=\"{&quot;_animation&quot;:&quot;fadeInRight&quot;}\" data-widget_type=\"text-editor.default\">\n\t\t\t\t<div class=\"elementor-widget-container\">\n\t\t\t\t\t\t\t\t\t<p>2023 m\u00e1rcius\u00e1ban megsz\u00fcletett a kisl\u00e1nyom, r\u00e1 egy \u00e9vre pedig \u00fagy d\u00f6nt\u00f6ttem, szeretn\u00e9k egy hobbyt, ami kimozd\u00edt a monoton h\u00e9tk\u00f6znapokb\u00f3l. Akkor t\u00f6bb social media fel\u00fcleten szembej\u00f6ttek k\u00fcl\u00f6nb\u00f6z\u0151 fest\u0151s gyorstalpal\u00f3 vide\u00f3k, ezt pedig annyira sorsszer\u0171nek \u00e9reztem, hogy m\u00e1r aznap d\u00e9lut\u00e1n rohantam a legk\u00f6zelebbi m\u0171v\u00e9szell\u00e1t\u00f3ba p\u00e1r az alapokhoz sz\u00fcks\u00e9ges fest\u00e9k\u00e9rt, n\u00e9h\u00e1ny ecset\u00e9rt \u00e9s v\u00e1szon\u00e9rt. Fogalmam sem volt mit csin\u00e1lok, de amint elkezdtem, valahogy azt \u00e9reztem, ez az, megtal\u00e1ltam amit hossz\u00fa ideje hi\u00e1nyoltam az \u00e9letemb\u0151l \u00e9s amivel teljes eg\u00e9sz\u00e9ben \u00f6ssze\u00e1llt a k\u00e9p.\u00a0<\/p>\t\t\t\t\t\t\t\t<\/div>\n\t\t\t\t<\/div>\n\t\t\t\t<\/div>\n\t\t\t\t\t<\/div>\n\t\t\t\t<\/div>\n\t\t<div class=\"elementor-element elementor-element-8caa637 e-flex e-con-boxed e-con e-parent\" data-id=\"8caa637\" data-element_type=\"container\">\n\t\t\t\t\t<div class=\"e-con-inner\">\n\t\t<div class=\"elementor-element elementor-element-828a533 e-con-full e-flex e-con e-child\" data-id=\"828a533\" data-element_type=\"container\">\n\t\t\t\t<div class=\"elementor-element elementor-element-b138015 elementor-widget elementor-widget-image\" data-id=\"b138015\" data-element_type=\"widget\" data-widget_type=\"image.default\">\n\t\t\t\t<div class=\"elementor-widget-container\">\n\t\t\t\t\t\t\t\t\t\t\t\t\t\t\t<img loading=\"lazy\" decoding=\"async\" width=\"800\" height=\"1000\" src=\"https:\/\/artbypetrambrus.com\/wp-content\/uploads\/2025\/10\/IMG_7878-819x1024.jpg\" class=\"attachment-large size-large wp-image-754\" alt=\"\" srcset=\"https:\/\/artbypetrambrus.com\/wp-content\/uploads\/2025\/10\/IMG_7878-819x1024.jpg 819w, https:\/\/artbypetrambrus.com\/wp-content\/uploads\/2025\/10\/IMG_7878-240x300.jpg 240w, https:\/\/artbypetrambrus.com\/wp-content\/uploads\/2025\/10\/IMG_7878-768x960.jpg 768w, https:\/\/artbypetrambrus.com\/wp-content\/uploads\/2025\/10\/IMG_7878-1228x1536.jpg 1228w, https:\/\/artbypetrambrus.com\/wp-content\/uploads\/2025\/10\/IMG_7878-1638x2048.jpg 1638w, https:\/\/artbypetrambrus.com\/wp-content\/uploads\/2025\/10\/IMG_7878-600x750.jpg 600w, https:\/\/artbypetrambrus.com\/wp-content\/uploads\/2025\/10\/IMG_7878-scaled.jpg 2047w\" sizes=\"(max-width: 800px) 100vw, 800px\" \/>\t\t\t\t\t\t\t\t\t\t\t\t\t\t\t<\/div>\n\t\t\t\t<\/div>\n\t\t\t\t<\/div>\n\t\t<div class=\"elementor-element elementor-element-81e0e51 e-con-full e-flex e-con e-child\" data-id=\"81e0e51\" data-element_type=\"container\">\n\t\t\t\t<div class=\"elementor-element elementor-element-24c0788 elementor-invisible elementor-widget elementor-widget-text-editor\" data-id=\"24c0788\" data-element_type=\"widget\" data-settings=\"{&quot;_animation&quot;:&quot;fadeInRight&quot;}\" data-widget_type=\"text-editor.default\">\n\t\t\t\t<div class=\"elementor-widget-container\">\n\t\t\t\t\t\t\t\t\t<p>Amikor festek, megsz\u0171nik a k\u00fclvil\u00e1g, olyan mintha egy ter\u00e1pi\u00e1s foglalkoz\u00e1son venn\u00e9k r\u00e9szt. Eleinte a festm\u00e9nyeimet puszt\u00e1n a magam sz\u00f3rakoztat\u00e1s\u00e1ra kezdtem el felt\u00f6lteni a social media fel\u00fcleteimre, nem sokra r\u00e1 pedig meg is \u00e9rkezett az els\u0151 megkeres\u00e9sem egyedi festm\u00e9ny k\u00e9sz\u00edt\u00e9s\u00e9re. Az \u00e9rz\u00e9s le\u00edrhatatlan volt, egyszerre felfoghatatlan, hogy valaki egy \u00e1ltalam k\u00e9sz\u00edtett festm\u00e9nnyel szeretn\u00e9 d\u00edsz\u00edteni az otthon\u00e1t, m\u00e1sr\u00e9szt ijeszt\u0151, mert fogalmam sem volt, hogy siker\u00fclni fog-e, nekem, akit\u0151l mindeddig annyira t\u00e1vol \u00e1llt a fest\u00e9s. Amikor \u00e1tadtam az elk\u00e9sz\u00fclt m\u0171vet, a megrendel\u0151m \u00f6r\u00f6mk\u00f6nnyekben t\u00f6rt ki, ekkor v\u00e1lt sz\u00e1momra is biztoss\u00e1, hogy komolyabban szeretn\u00e9k foglalkozni a m\u0171v\u00e9szettel, mint azt eleinte gondoltam. Az\u00f3ta vil\u00e1gszerte t\u00f6bb helyre eljutottak a festm\u00e9nyeim, sz\u00e1mos k\u00fclf\u00f6ldi \u00e9s belf\u00f6ldi megrendel\u00e9st tudhatok magam m\u00f6g\u00f6tt, \u00e9s b\u00e1r neh\u00e9z, mert csak abban az id\u0151s\u00e1vban tudok festeni, amikor a kisl\u00e1nyom alszik, m\u00e9gis azt \u00e9rzem, sosem cser\u00e9ln\u00e9m el azt a p\u00e1r \u00f3r\u00e1t pihen\u00e9sre.<\/p><p>A 2024-es \u00e9v hihetetlen sokat adott nekem, olyan fordulatot vett az \u00e9letem amir\u0151l \u00e1lmodni sem mertem, a j\u00f6v\u0151ben pedig igyekszem m\u00e9g t\u00f6bb id\u0151t a fest\u00e9snek szentelni. A technik\u00e1r\u00f3l A festm\u00e9nyeim t\u00falnyom\u00f3 t\u00f6bbs\u00e9ge a 16. sz\u00e1zadban elterjedt \u201cImpasto\u201d technik\u00e1n alapszik, \u00e1m a skandin\u00e1v orsz\u00e1gokb\u00f3l sz\u00e1rmaz\u00f3 fest\u0151k tov\u00e1bbgondoltak. A l\u00e9nyege, hogy nagyon sok akrilfest\u00e9ket kennek el spatula seg\u00edts\u00e9g\u00e9vel, \u00edgy kialak\u00edtva egy \u00e9rdekes, textur\u00e1lt fel\u00fcletet.\u00a0<\/p>\t\t\t\t\t\t\t\t<\/div>\n\t\t\t\t<\/div>\n\t\t\t\t<\/div>\n\t\t\t\t\t<\/div>\n\t\t\t\t<\/div>\n\t\t<div class=\"elementor-element elementor-element-57855f4 e-flex e-con-boxed e-con e-parent\" data-id=\"57855f4\" data-element_type=\"container\">\n\t\t\t\t\t<div class=\"e-con-inner\">\n\t\t<div class=\"elementor-element elementor-element-ba5dd8f e-con-full e-flex e-con e-child\" data-id=\"ba5dd8f\" data-element_type=\"container\">\n\t\t\t\t<div class=\"elementor-element elementor-element-125161f elementor-widget elementor-widget-image\" data-id=\"125161f\" data-element_type=\"widget\" data-widget_type=\"image.default\">\n\t\t\t\t<div class=\"elementor-widget-container\">\n\t\t\t\t\t\t\t\t\t\t\t\t\t\t\t<img loading=\"lazy\" decoding=\"async\" width=\"800\" height=\"1000\" src=\"https:\/\/artbypetrambrus.com\/wp-content\/uploads\/2025\/10\/IMG_0176-819x1024.jpg\" class=\"attachment-large size-large wp-image-738\" alt=\"\" srcset=\"https:\/\/artbypetrambrus.com\/wp-content\/uploads\/2025\/10\/IMG_0176-819x1024.jpg 819w, https:\/\/artbypetrambrus.com\/wp-content\/uploads\/2025\/10\/IMG_0176-240x300.jpg 240w, https:\/\/artbypetrambrus.com\/wp-content\/uploads\/2025\/10\/IMG_0176-768x960.jpg 768w, https:\/\/artbypetrambrus.com\/wp-content\/uploads\/2025\/10\/IMG_0176-1228x1536.jpg 1228w, https:\/\/artbypetrambrus.com\/wp-content\/uploads\/2025\/10\/IMG_0176-1638x2048.jpg 1638w, https:\/\/artbypetrambrus.com\/wp-content\/uploads\/2025\/10\/IMG_0176-600x750.jpg 600w, https:\/\/artbypetrambrus.com\/wp-content\/uploads\/2025\/10\/IMG_0176-scaled.jpg 2047w\" sizes=\"(max-width: 800px) 100vw, 800px\" \/>\t\t\t\t\t\t\t\t\t\t\t\t\t\t\t<\/div>\n\t\t\t\t<\/div>\n\t\t\t\t<\/div>\n\t\t<div class=\"elementor-element elementor-element-d5ae08f e-con-full e-flex e-con e-child\" data-id=\"d5ae08f\" data-element_type=\"container\">\n\t\t\t\t<div class=\"elementor-element elementor-element-4650cd0 elementor-invisible elementor-widget elementor-widget-text-editor\" data-id=\"4650cd0\" data-element_type=\"widget\" data-settings=\"{&quot;_animation&quot;:&quot;fadeInRight&quot;}\" data-widget_type=\"text-editor.default\">\n\t\t\t\t<div class=\"elementor-widget-container\">\n\t\t\t\t\t\t\t\t\t<p>A magam r\u00e9sz\u00e9r\u0151l im\u00e1dom az \u00e1llatokat, \u00edgy mindig igyekszem r\u00e1csemp\u00e9szni a festm\u00e9nyekre, \u00edgy kialak\u00edtva egy mesebeli vil\u00e1got. Szeretem, ha a festm\u00e9nyek ak\u00e1r Mennyorsz\u00e1g hat\u00e1st t\u00fckr\u00f6znek, amihez az olajfest\u00e9ket tal\u00e1ltam a legalkalmasabbnak, \u00edgy m\u00e1ra az akrilfest\u00e9ket olajfest\u00e9kkel is kombin\u00e1lom. Egyedi rendel\u00e9s Megrendel\u00e9sre k\u00e9sz\u00edtek festm\u00e9nyeket otthonokba, irod\u00e1kba \u00e9s k\u00f6z\u00f6ss\u00e9gi terekre is. Ha nem tal\u00e1ltad meg a kedvedre val\u00f3t a rendelkez\u00e9sre \u00e1ll\u00f3 alkot\u00e1sok k\u00f6z\u00f6tt, vagy kedvenced m\u00e1r \u00faj gazd\u00e1ra tal\u00e1lt, sz\u00edvesen festek v\u00e1szonra a k\u00edv\u00e1ns\u00e1ga szerint. A festm\u00e9nyeket k\u00fcl\u00f6nb\u00f6z\u0151 m\u00e9ret\u0171 pr\u00e9mium pamut, illetve v\u00e1szonra festem, a sz\u00ednbeli k\u00edv\u00e1ns\u00e1gokat \u00e9s st\u00edlust figyelembe v\u00e9ve. Ha van olyan kor\u00e1bbi munk\u00e1m, ami elnyerte a tetsz\u00e9s\u00e9t, k\u00e9rem mutassa meg. K\u00e9peket is k\u00fcldhet a bels\u0151 terekr\u0151l, ahova a munka ker\u00fclne, \u00e9s le\u00edrhatja a k\u00edv\u00e1nt festm\u00e9ny hangulat\u00e1t vagy mondanival\u00f3j\u00e1t.<\/p><p>Festm\u00e9nyeim sor\u00e1n kiz\u00e1r\u00f3lag a legjobb min\u0151s\u00e9g\u0171 \u00e9s professzion\u00e1lis szint\u0171 akrilfest\u00e9keket \u00e9s fest\u0151anyagokat haszn\u00e1lok. A v\u00e1sznak is pr\u00e9mium pamutb\u00f3l, legsz\u00f6vetb\u0151l k\u00e9sz\u00fclnek, amelyek m\u00e9ret\u00e9t \u00e9s form\u00e1j\u00e1t a megrendel\u0151 v\u00e1laszthatja meg.<\/p><p>A teljes \u00f6sszeg 20%-a indul\u00e1si d\u00edjk\u00e9nt fizetend\u0151, a t\u00f6bbit pedig akkor, amikor a festm\u00e9ny sz\u00e1ll\u00edt\u00e1sra k\u00e9sz, \u00e9s mindketten el\u00e9gedettek vagyunk az eredm\u00e9nnyel. A munkafolyamat elkezd\u00e9sekor ism\u00e9telten \u00e1tbesz\u00e9l\u00e9sre ker\u00fcl a k\u00edv\u00e1nt sz\u00ednvil\u00e1g, mot\u00edvumok. Befejez\u00e9s el\u0151tt \u00e9s a munkafolyamat k\u00f6zben k\u00e9peket \u00e9s\/vagy vide\u00f3kat k\u00fcld\u00f6k a festm\u00e9nyr\u0151l, hogy a k\u00edv\u00e1ns\u00e1ga szerint apr\u00f3bb v\u00e1ltoztat\u00e1sokat m\u00e9g meg lehessen tenni.<\/p>\t\t\t\t\t\t\t\t<\/div>\n\t\t\t\t<\/div>\n\t\t\t\t<\/div>\n\t\t\t\t\t<\/div>\n\t\t\t\t<\/div>\n\t\t\t\t<\/div>\n\t\t","protected":false},"excerpt":{"rendered":"<p>A hobby, ami m\u00e1ra \u00e9letc\u00e9l lett M\u00e1r eg\u00e9szen kisgyerek korom \u00f3ta im\u00e1dtam rajzolni, minden olyasmi elfoglalts\u00e1got, amihez k\u00e9z\u00fcgyess\u00e9g sz\u00fcks\u00e9ges, de valahogy a fest\u00e9s kimaradt ezek k\u00f6z\u00fcl. BEMUTATKOZ\u00e1S 2023 m\u00e1rcius\u00e1ban megsz\u00fcletett a kisl\u00e1nyom, r\u00e1 egy \u00e9vre pedig \u00fagy d\u00f6nt\u00f6ttem, szeretn\u00e9k egy hobbyt, ami kimozd\u00edt a monoton h\u00e9tk\u00f6znapokb\u00f3l. Akkor t\u00f6bb social media fel\u00fcleten szembej\u00f6ttek k\u00fcl\u00f6nb\u00f6z\u0151 fest\u0151s gyorstalpal\u00f3 [&hellip;]<\/p>\n","protected":false},"author":1,"featured_media":0,"parent":0,"menu_order":0,"comment_status":"closed","ping_status":"closed","template":"","meta":{"footnotes":""},"class_list":["post-22","page","type-page","status-publish","hentry"],"lang":"hu","translations":{"hu":22,"en":620},"pll_sync_post":[],"_links":{"self":[{"href":"https:\/\/artbypetrambrus.com\/index.php\/wp-json\/wp\/v2\/pages\/22","targetHints":{"allow":["GET"]}}],"collection":[{"href":"https:\/\/artbypetrambrus.com\/index.php\/wp-json\/wp\/v2\/pages"}],"about":[{"href":"https:\/\/artbypetrambrus.com\/index.php\/wp-json\/wp\/v2\/types\/page"}],"author":[{"embeddable":true,"href":"https:\/\/artbypetrambrus.com\/index.php\/wp-json\/wp\/v2\/users\/1"}],"replies":[{"embeddable":true,"href":"https:\/\/artbypetrambrus.com\/index.php\/wp-json\/wp\/v2\/comments?post=22"}],"version-history":[{"count":0,"href":"https:\/\/artbypetrambrus.com\/index.php\/wp-json\/wp\/v2\/pages\/22\/revisions"}],"wp:attachment":[{"href":"https:\/\/artbypetrambrus.com\/index.php\/wp-json\/wp\/v2\/media?parent=22"}],"curies":[{"name":"wp","href":"https:\/\/api.w.org\/{rel}","templated":true}]}}