{"id":607,"date":"2025-05-09T20:13:49","date_gmt":"2025-05-09T20:13:49","guid":{"rendered":"https:\/\/artbypetrambrus.com\/index.php\/kosar\/"},"modified":"2025-09-23T15:39:33","modified_gmt":"2025-09-23T15:39:33","slug":"cart","status":"publish","type":"page","link":"https:\/\/artbypetrambrus.com\/index.php\/en\/cart\/","title":{"rendered":"Cart"},"content":{"rendered":"\n\n\n\n\u00a0\n\n\n\n<h2 data-block-name=\"woocommerce\/cart\" class=\"wp-block-heading\">Tal\u00e1n \u00e9rdekelhetnek ezek&#8230;<\/h2>\n\n\n\u00a0\n\n\n\n\n\u00a0\n\u00a0\n\u00a0\n\u00a0\n\u00a0\n\u00a0\n\u00a0\n\n\u00a0\n\n\n\u00a0\n\n\n\u00a0\n\n\n\n\n\n<h2 data-block-name=\"woocommerce\/empty-cart-block\" class=\"wp-block-heading\">Jelenleg \u00fcres a kosarad.<\/h2>\n\n<hr \/>\n\n<h2 class=\"wp-block-heading\">\u00dajdons\u00e1gok<\/h2>\n\n<div data-block-name=\"woocommerce\/product-new\" data-columns=\"3\" data-rows=\"1\" class=\"wc-block-grid wp-block-product-new wp-block-woocommerce-product-new wc-block-product-new has-3-columns\"><ul class=\"wc-block-grid__products\"><li class=\"wc-block-grid__product\">\n\t\t\t\t<a href=\"https:\/\/artbypetrambrus.com\/index.php\/en\/termek\/whispers-of-the-past-3\/\" class=\"wc-block-grid__product-link\">\n\t\t\t\t\t\n\t\t\t\t\t<div class=\"wc-block-grid__product-image\"><img fetchpriority=\"high\" decoding=\"async\" width=\"300\" height=\"300\" src=\"https:\/\/artbypetrambrus.com\/wp-content\/uploads\/2025\/06\/unnamed-300x300.jpg\" class=\"attachment-woocommerce_thumbnail size-woocommerce_thumbnail\" alt=\"Whispers of the past\" srcset=\"https:\/\/artbypetrambrus.com\/wp-content\/uploads\/2025\/06\/unnamed-300x300.jpg 300w, https:\/\/artbypetrambrus.com\/wp-content\/uploads\/2025\/06\/unnamed-150x150.jpg 150w, https:\/\/artbypetrambrus.com\/wp-content\/uploads\/2025\/06\/unnamed-100x100.jpg 100w\" sizes=\"(max-width: 300px) 100vw, 300px\" \/><\/div>\n\t\t\t\t\t<div class=\"wc-block-grid__product-title\">Whispers of the past<\/div>\n\t\t\t\t<\/a>\n\t\t\t\t<div class=\"wc-block-grid__product-price price\"><span class=\"woocommerce-Price-amount amount\">250 000&nbsp;<span class=\"woocommerce-Price-currencySymbol\">&#070;&#116;<\/span><\/span><\/div>\n\t\t\t\t\n\t\t\t\t<div class=\"wp-block-button wc-block-grid__product-add-to-cart\"><a href=\"\/index.php\/wp-json\/wp\/v2\/pages\/607?add-to-cart=767\" aria-label=\"Kos\u00e1rba: &ldquo;Whispers of the past&rdquo;\" data-quantity=\"1\" data-product_id=\"767\" data-product_sku=\"\" data-price=\"250000\" rel=\"nofollow\" class=\"wp-block-button__link  add_to_cart_button ajax_add_to_cart\">Kos\u00e1rba teszem<\/a><\/div>\n\t\t\t<\/li><li class=\"wc-block-grid__product\">\n\t\t\t\t<a href=\"https:\/\/artbypetrambrus.com\/index.php\/termek\/whispers-of-the-past-masolat\/\" class=\"wc-block-grid__product-link\">\n\t\t\t\t\t\n\t\t\t\t\t<div class=\"wc-block-grid__product-image\"><img fetchpriority=\"high\" decoding=\"async\" width=\"300\" height=\"300\" src=\"https:\/\/artbypetrambrus.com\/wp-content\/uploads\/2025\/06\/unnamed-300x300.jpg\" class=\"attachment-woocommerce_thumbnail size-woocommerce_thumbnail\" alt=\"Whispers of the past\" srcset=\"https:\/\/artbypetrambrus.com\/wp-content\/uploads\/2025\/06\/unnamed-300x300.jpg 300w, https:\/\/artbypetrambrus.com\/wp-content\/uploads\/2025\/06\/unnamed-150x150.jpg 150w, https:\/\/artbypetrambrus.com\/wp-content\/uploads\/2025\/06\/unnamed-100x100.jpg 100w\" sizes=\"(max-width: 300px) 100vw, 300px\" \/><\/div>\n\t\t\t\t\t<div class=\"wc-block-grid__product-title\">Whispers of the past<\/div>\n\t\t\t\t<\/a>\n\t\t\t\t<div class=\"wc-block-grid__product-price price\"><span class=\"woocommerce-Price-amount amount\">250 000&nbsp;<span class=\"woocommerce-Price-currencySymbol\">&#070;&#116;<\/span><\/span><\/div>\n\t\t\t\t\n\t\t\t\t<div class=\"wp-block-button wc-block-grid__product-add-to-cart\"><a href=\"\/index.php\/wp-json\/wp\/v2\/pages\/607?add-to-cart=766\" aria-label=\"Kos\u00e1rba: &ldquo;Whispers of the past&rdquo;\" data-quantity=\"1\" data-product_id=\"766\" data-product_sku=\"\" data-price=\"250000\" rel=\"nofollow\" class=\"wp-block-button__link  add_to_cart_button ajax_add_to_cart\">Kos\u00e1rba teszem<\/a><\/div>\n\t\t\t<\/li><li class=\"wc-block-grid__product\">\n\t\t\t\t<a href=\"https:\/\/artbypetrambrus.com\/index.php\/en\/termek\/to-the-stars-who-listen-en\/\" class=\"wc-block-grid__product-link\">\n\t\t\t\t\t\n\t\t\t\t\t<div class=\"wc-block-grid__product-image\"><img decoding=\"async\" width=\"300\" height=\"300\" src=\"https:\/\/artbypetrambrus.com\/wp-content\/uploads\/2025\/05\/IMG_5155-scaled-300x300.jpg\" class=\"attachment-woocommerce_thumbnail size-woocommerce_thumbnail\" alt=\"To the Stars who Listen en\" srcset=\"https:\/\/artbypetrambrus.com\/wp-content\/uploads\/2025\/05\/IMG_5155-scaled-300x300.jpg 300w, https:\/\/artbypetrambrus.com\/wp-content\/uploads\/2025\/05\/IMG_5155-scaled-100x100.jpg 100w, https:\/\/artbypetrambrus.com\/wp-content\/uploads\/2025\/05\/IMG_5155-150x150.jpg 150w\" sizes=\"(max-width: 300px) 100vw, 300px\" \/><\/div>\n\t\t\t\t\t<div class=\"wc-block-grid__product-title\">To the Stars who Listen en<\/div>\n\t\t\t\t<\/a>\n\t\t\t\t<div class=\"wc-block-grid__product-price price\"><span class=\"woocommerce-Price-amount amount\" aria-hidden=\"true\">35 000&nbsp;<span class=\"woocommerce-Price-currencySymbol\">&#070;&#116;<\/span><\/span> <span aria-hidden=\"true\">&ndash;<\/span> <span class=\"woocommerce-Price-amount amount\" aria-hidden=\"true\">49 000&nbsp;<span class=\"woocommerce-Price-currencySymbol\">&#070;&#116;<\/span><\/span><span class=\"screen-reader-text\">\u00c1rtartom\u00e1ny: 35 000&nbsp;&#070;&#116; &#8211; 49 000&nbsp;&#070;&#116;<\/span><\/div>\n\t\t\t\t\n\t\t\t\t<div class=\"wp-block-button wc-block-grid__product-add-to-cart\"><a href=\"https:\/\/artbypetrambrus.com\/index.php\/en\/termek\/to-the-stars-who-listen-en\/\" aria-label=\"V\u00e1lasszunk &ldquo;To the Stars who Listen en&rdquo; lehet\u0151s\u00e9gek k\u00f6z\u00fcl\" data-quantity=\"1\" data-product_id=\"712\" data-product_sku=\"\" data-price=\"35000\" rel=\"nofollow\" class=\"wp-block-button__link  add_to_cart_button\">Opci\u00f3k v\u00e1laszt\u00e1sa<\/a><\/div>\n\t\t\t<\/li><\/ul><\/div>\n\n<\/div>","protected":false},"excerpt":{"rendered":"","protected":false},"author":1,"featured_media":0,"parent":0,"menu_order":0,"comment_status":"closed","ping_status":"closed","template":"","meta":{"footnotes":""},"class_list":["post-607","page","type-page","status-publish","hentry"],"lang":"en","translations":{"en":607,"hu":366},"pll_sync_post":[],"_links":{"self":[{"href":"https:\/\/artbypetrambrus.com\/index.php\/wp-json\/wp\/v2\/pages\/607","targetHints":{"allow":["GET"]}}],"collection":[{"href":"https:\/\/artbypetrambrus.com\/index.php\/wp-json\/wp\/v2\/pages"}],"about":[{"href":"https:\/\/artbypetrambrus.com\/index.php\/wp-json\/wp\/v2\/types\/page"}],"author":[{"embeddable":true,"href":"https:\/\/artbypetrambrus.com\/index.php\/wp-json\/wp\/v2\/users\/1"}],"replies":[{"embeddable":true,"href":"https:\/\/artbypetrambrus.com\/index.php\/wp-json\/wp\/v2\/comments?post=607"}],"version-history":[{"count":0,"href":"https:\/\/artbypetrambrus.com\/index.php\/wp-json\/wp\/v2\/pages\/607\/revisions"}],"wp:attachment":[{"href":"https:\/\/artbypetrambrus.com\/index.php\/wp-json\/wp\/v2\/media?parent=607"}],"curies":[{"name":"wp","href":"https:\/\/api.w.org\/{rel}","templated":true}]}}