{"id":699,"date":"2025-09-27T09:08:39","date_gmt":"2025-09-27T09:08:39","guid":{"rendered":"https:\/\/artbypetrambrus.com\/?post_type=product&#038;p=699"},"modified":"2025-11-26T21:46:18","modified_gmt":"2025-11-26T21:46:18","slug":"a-journey-to-remember-en","status":"publish","type":"product","link":"https:\/\/artbypetrambrus.com\/index.php\/en\/termek\/a-journey-to-remember-en\/","title":{"rendered":"A Journey to Remember en"},"content":{"rendered":"<p>Mik is azok a fine art (gicl\u00e9e) nyomatok? A gicl\u00e9e nyomtat\u00e1s a m\u0171v\u00e9szi nyomtat\u00e1s \u00faj, korszer\u0171 m\u00f3dja, mely megfelel a m\u0171v\u00e9szek, a gy\u0171jt\u0151k \u00e9s a m\u00fazeumok legmagasabb elv\u00e1r\u00e1sainak. A gicl\u00e9e m\u0171v\u00e9szi nyomatok a ma el\u00e9rhet\u0151 legjobb min\u0151s\u00e9g\u0171 nyomtatott term\u00e9kek, egyben a legkorszer\u0171bb technik\u00e1val k\u00e9sz\u00fclnek. A nyomatok k\u00e9sz\u00edt\u00e9s\u00e9nek folyamata alkot\u00f3i egy\u00fcttm\u0171k\u00f6d\u00e9s a m\u0171v\u00e9sz \u00e9s a nyomtat\u00f3 mester k\u00f6z\u00f6tt, amelyben a m\u0171v\u00e9sz ellen\u0151rzi a folyamat minden r\u00e9szlet\u00e9t.<\/p>\n<p>El\u00e9rhet\u0151\/rendelhet\u0151 m\u00e9retek enn\u00e9l a nyomatn\u00e1l: 50&#215;70 cm illetve 70&#215;90 cm. (megbesz\u00e9l\u00e9s alapj\u00e1n m\u00e1s m\u00e9retek is k\u00e9rhet\u0151k, k\u00e9rlek, ha ilyen ig\u00e9ny mer\u00fcl fel, vedd fel velem a kapcsolatot) A nyomathoz nem j\u00e1r keret. A hagyom\u00e1nyos poszterekkel ellent\u00e9tben a legkiv\u00e1l\u00f3bb matt, savmentes, gal\u00e9ria min\u0151s\u00e9g\u0171 200-300 g-os pap\u00edrra nyomtatj\u00e1k.<\/p>\n<p>Minden k\u00e9p korl\u00e1tozott kiad\u00e1s\u00fa, minden nyomat sz\u00e1mozott \u00e9s al\u00e1\u00edrt. A kiv\u00e1l\u00f3 min\u0151s\u00e9g\u0171 pap\u00edr t\u00f6k\u00e9letes sz\u00ednvisszaad\u00e1st biztos\u00edt, az eredeti m\u0171 szerkezete pedig 3D hat\u00e1sk\u00e9nt jelenik meg. Keretez\u00e9st \u00e9s t\u00fckr\u00f6z\u0151d\u00e9smentes \u00fcveget aj\u00e1nlok, ut\u00f3bbi viszont elhagyhat\u00f3, an\u00e9lk\u00fcl is t\u00f6k\u00e9letes \u00f6sszk\u00e9pet lehet el\u00e9rni.<\/p>\n","protected":false},"excerpt":{"rendered":"<p>Mik is azok a fine art (gicl\u00e9e) nyomatok? A gicl\u00e9e nyomtat\u00e1s a m\u0171v\u00e9szi nyomtat\u00e1s \u00faj, korszer\u0171 m\u00f3dja, mely megfelel a m\u0171v\u00e9szek, a gy\u0171jt\u0151k \u00e9s a m\u00fazeumok legmagasabb elv\u00e1r\u00e1sainak. A gicl\u00e9e m\u0171v\u00e9szi nyomatok a ma el\u00e9rhet\u0151 legjobb min\u0151s\u00e9g\u0171 nyomtatott term\u00e9kek, egyben a legkorszer\u0171bb technik\u00e1val k\u00e9sz\u00fclnek. A nyomatok k\u00e9sz\u00edt\u00e9s\u00e9nek folyamata alkot\u00f3i egy\u00fcttm\u0171k\u00f6d\u00e9s a m\u0171v\u00e9sz \u00e9s a nyomtat\u00f3 [&hellip;]<\/p>\n","protected":false},"featured_media":442,"template":"","meta":[],"product_brand":[],"product_cat":[38],"product_tag":[],"class_list":{"0":"post-699","1":"product","2":"type-product","3":"status-publish","4":"has-post-thumbnail","6":"product_cat-print-en","8":"first","9":"instock","10":"shipping-taxable","11":"purchasable","12":"product-type-variable"},"lang":"en","translations":{"en":699,"hu":422},"pll_sync_post":[],"_links":{"self":[{"href":"https:\/\/artbypetrambrus.com\/index.php\/wp-json\/wp\/v2\/product\/699","targetHints":{"allow":["GET"]}}],"collection":[{"href":"https:\/\/artbypetrambrus.com\/index.php\/wp-json\/wp\/v2\/product"}],"about":[{"href":"https:\/\/artbypetrambrus.com\/index.php\/wp-json\/wp\/v2\/types\/product"}],"wp:featuredmedia":[{"embeddable":true,"href":"https:\/\/artbypetrambrus.com\/index.php\/wp-json\/wp\/v2\/media\/442"}],"wp:attachment":[{"href":"https:\/\/artbypetrambrus.com\/index.php\/wp-json\/wp\/v2\/media?parent=699"}],"wp:term":[{"taxonomy":"product_brand","embeddable":true,"href":"https:\/\/artbypetrambrus.com\/index.php\/wp-json\/wp\/v2\/product_brand?post=699"},{"taxonomy":"product_cat","embeddable":true,"href":"https:\/\/artbypetrambrus.com\/index.php\/wp-json\/wp\/v2\/product_cat?post=699"},{"taxonomy":"product_tag","embeddable":true,"href":"https:\/\/artbypetrambrus.com\/index.php\/wp-json\/wp\/v2\/product_tag?post=699"}],"curies":[{"name":"wp","href":"https:\/\/api.w.org\/{rel}","templated":true}]}}